{"id":1728,"date":"2024-06-29T11:11:20","date_gmt":"2024-06-29T11:11:20","guid":{"rendered":"http:\/\/xtratheme.com\/default\/?page_id=7"},"modified":"2026-05-06T12:09:05","modified_gmt":"2026-05-06T12:09:05","slug":"about-us","status":"publish","type":"page","link":"https:\/\/domkota.lt\/lt\/about-us\/","title":{"rendered":"Apie mus"},"content":{"rendered":"<div data-elementor-type=\"wp-page\" data-elementor-id=\"1728\" class=\"elementor elementor-1728\">\n\t\t\t\t\t\t<section class=\"elementor-section elementor-top-section elementor-element elementor-element-0e0b815 elementor-section-full_width elementor-section-height-default elementor-section-height-default\" data-id=\"0e0b815\" data-element_type=\"section\" data-e-type=\"section\">\n\t\t\t\t\t\t<div class=\"elementor-container elementor-column-gap-default\">\n\t\t\t\t\t<div class=\"elementor-column elementor-col-50 elementor-top-column elementor-element elementor-element-48be874\" data-id=\"48be874\" data-element_type=\"column\" data-e-type=\"column\">\n\t\t\t<div class=\"elementor-widget-wrap elementor-element-populated\">\n\t\t\t\t\t\t<div class=\"elementor-element elementor-element-14ad83a elementor-widget elementor-widget-cz_title\" data-id=\"14ad83a\" data-element_type=\"widget\" data-e-type=\"widget\" data-widget_type=\"cz_title.default\">\n\t\t\t\t<div class=\"elementor-widget-container\">\n\t\t\t\t\t\t\r\n\t\t<div>\r\n\t\t\t<div class=\"cz_title clr cz_mobile_text_center cz_title_pos_inline\"><div class=\"cz_title_shape shape_square cz_shape_1\"><\/div><div class=\"cz_title_content\"><div class=\"cz_wpe_content\"><p><span style=\"color: #666666; font-size: 22px;\">APIE MUS <\/span><\/p><h2>M\u016aS\u0172 ISTORIJA<\/h2><\/div><\/div><\/div>\r\n\t\t<\/div>\r\n\t\t\r\n\t\t\t\t\t\t<\/div>\n\t\t\t\t<\/div>\n\t\t\t\t<div class=\"elementor-element elementor-element-caaada8 elementor-widget elementor-widget-cz_title\" data-id=\"caaada8\" data-element_type=\"widget\" data-e-type=\"widget\" data-widget_type=\"cz_title.default\">\n\t\t\t\t<div class=\"elementor-widget-container\">\n\t\t\t\t\t\t\r\n\t\t<div>\r\n\t\t\t<div class=\"cz_title clr cz_mobile_text_center cz_title_pos_inline\"><div class=\"cz_title_content\"><div class=\"cz_wpe_content\"><p data-path-to-node=\"1\">Savo keli\u0105 prad\u0117jome prie\u0161 de\u0161imt met\u0173 nedidel\u0117se dirbtuv\u0117se, tik\u0117dami vienu paprastu dalyku: tikroji gamybos kokyb\u0117 prasideda ne nuo br\u0117\u017eini\u0173 ar skai\u010di\u0173, o nuo \u017emoni\u0173, kurie savo \u017einias ir kruop\u0161tum\u0105 \u012fdeda \u012f kiekvien\u0105 detal\u0119.<\/p><p data-path-to-node=\"2\">Tai, kas 2016-aisiais prasid\u0117jo nuo ma\u017eos komandos, poros stakli\u0173 ir tiesiog noro \u012fveikti sud\u0117tingus in\u017einerinius galvos\u016bkius, \u0161iandien tapo tvirta m\u016bs\u0173 gamybos dalimi. Mes nesame tik CNC specialistai \u2013 esame u\u017enugaris k\u016br\u0117jams, i\u0161rad\u0117jams ir in\u017einieriams, kurie savo id\u0117jomis stumia vis\u0105 pramon\u0119 \u012f priek\u012f.<\/p><\/div><\/div><\/div>\r\n\t\t<\/div>\r\n\t\t\r\n\t\t\t\t\t\t<\/div>\n\t\t\t\t<\/div>\n\t\t\t\t<div class=\"elementor-element elementor-element-adcad9e elementor-widget elementor-widget-cz_stylish_list\" data-id=\"adcad9e\" data-element_type=\"widget\" data-e-type=\"widget\" data-widget_type=\"cz_stylish_list.default\">\n\t\t\t\t<div class=\"elementor-widget-container\">\n\t\t\t\t\t<ul class=\"cz_stylish_list clr cz_sl_icon_hover_zoom_in\"><li class=\"elementor-repeater-item-731d3ff clr\"><div class=\"cz_sl_icon\"><i class=\"mr10 fa czico-074-tick-inside-circle\"><\/i><\/div><div><span>Kokyb\u0117<\/span><\/div><\/li><li class=\"elementor-repeater-item-a65daed clr\"><div class=\"cz_sl_icon\"><i class=\"mr10 fa czico-074-tick-inside-circle\"><\/i><\/div><div><span>Tikslumas<\/span><\/div><\/li><li class=\"elementor-repeater-item-3587a05 clr\"><div class=\"cz_sl_icon\"><i class=\"mr10 fa czico-074-tick-inside-circle\"><\/i><\/div><div><span>Saugumas<\/span><\/div><\/li><li class=\"elementor-repeater-item-99113ea clr\"><div class=\"cz_sl_icon\"><i class=\"mr10 fa czico-074-tick-inside-circle\"><\/i><\/div><div><span>Pasitik\u0117jimas<\/span><\/div><\/li><\/ul>\t\t\t\t<\/div>\n\t\t\t\t<\/div>\n\t\t\t\t\t<\/div>\n\t\t<\/div>\n\t\t\t\t<div class=\"elementor-column elementor-col-50 elementor-top-column elementor-element elementor-element-fee6549\" data-id=\"fee6549\" data-element_type=\"column\" data-e-type=\"column\">\n\t\t\t<div class=\"elementor-widget-wrap elementor-element-populated\">\n\t\t\t\t\t\t<div class=\"elementor-element elementor-element-e8c52e8 elementor-widget elementor-widget-cz_gallery\" data-id=\"e8c52e8\" data-element_type=\"widget\" data-e-type=\"widget\" data-widget_type=\"cz_gallery.default\">\n\t\t\t\t<div class=\"elementor-widget-container\">\n\t\t\t\t\t<div class=\"cz_grid_p\"><div class=\"cz_grid cz_grid_1 clr cz_grid_c2 cz_grid_1_no_title cz_grid_1_mid tac cz_grid_two_columns_on_mobile\" data-gap=\"30\"><div class=\"cz_grid_item cz_grid_first\"><\/div><div class=\"cz_grid_item\"><div data-title=\"1\"><a class=\"cz_grid_link\" title=\"1\" href=\"https:\/\/domkota.lt\/wp-content\/uploads\/2026\/04\/1-scaled.png\" data-xtra-lightbox><img loading=\"lazy\" decoding=\"async\" width=\"682\" height=\"1024\" src=\"https:\/\/domkota.lt\/wp-content\/uploads\/2026\/04\/1-682x1024.png\" class=\"attachment-large size-large wp-image-2104\" alt=\"1 682x1024\" srcset=\"https:\/\/domkota.lt\/wp-content\/uploads\/2026\/04\/1-682x1024.png 682w, https:\/\/domkota.lt\/wp-content\/uploads\/2026\/04\/1-200x300.png 200w, https:\/\/domkota.lt\/wp-content\/uploads\/2026\/04\/1-768x1153.png 768w, https:\/\/domkota.lt\/wp-content\/uploads\/2026\/04\/1-1023x1536.png 1023w, https:\/\/domkota.lt\/wp-content\/uploads\/2026\/04\/1-1364x2048.png 1364w, https:\/\/domkota.lt\/wp-content\/uploads\/2026\/04\/1-8x12.png 8w, https:\/\/domkota.lt\/wp-content\/uploads\/2026\/04\/1-600x901.png 600w, https:\/\/domkota.lt\/wp-content\/uploads\/2026\/04\/1-scaled.png 1705w\" sizes=\"auto, (max-width: 682px) 100vw, 682px\" \/><div class=\"cz_grid_details\"><i class=\"cz_grid_icon fa czico-117-web\"><\/i><\/div><\/a><\/div><\/div><div class=\"cz_grid_item\"><div data-title=\"3\"><a class=\"cz_grid_link\" title=\"3\" href=\"https:\/\/domkota.lt\/wp-content\/uploads\/2026\/04\/3-scaled.png\" data-xtra-lightbox><img loading=\"lazy\" decoding=\"async\" width=\"682\" height=\"1024\" src=\"https:\/\/domkota.lt\/wp-content\/uploads\/2026\/04\/3-682x1024.png\" class=\"attachment-large size-large wp-image-2106\" alt=\"3 682x1024\" srcset=\"https:\/\/domkota.lt\/wp-content\/uploads\/2026\/04\/3-682x1024.png 682w, https:\/\/domkota.lt\/wp-content\/uploads\/2026\/04\/3-200x300.png 200w, https:\/\/domkota.lt\/wp-content\/uploads\/2026\/04\/3-768x1153.png 768w, https:\/\/domkota.lt\/wp-content\/uploads\/2026\/04\/3-1023x1536.png 1023w, https:\/\/domkota.lt\/wp-content\/uploads\/2026\/04\/3-1364x2048.png 1364w, https:\/\/domkota.lt\/wp-content\/uploads\/2026\/04\/3-8x12.png 8w, https:\/\/domkota.lt\/wp-content\/uploads\/2026\/04\/3-600x901.png 600w, https:\/\/domkota.lt\/wp-content\/uploads\/2026\/04\/3-scaled.png 1705w\" sizes=\"auto, (max-width: 682px) 100vw, 682px\" \/><div class=\"cz_grid_details\"><i class=\"cz_grid_icon fa czico-117-web\"><\/i><\/div><\/a><\/div><\/div><\/div><\/div>\t\t\t\t<\/div>\n\t\t\t\t<\/div>\n\t\t\t\t\t<\/div>\n\t\t<\/div>\n\t\t\t\t\t<\/div>\n\t\t<\/section>\n\t\t\t\t<section class=\"elementor-section elementor-top-section elementor-element elementor-element-726aa3fe elementor-section-stretched elementor-section-boxed elementor-section-height-default elementor-section-height-default\" data-id=\"726aa3fe\" data-element_type=\"section\" data-e-type=\"section\" data-settings=\"{&quot;stretch_section&quot;:&quot;section-stretched&quot;,&quot;background_background&quot;:&quot;classic&quot;}\">\n\t\t\t\t\t\t<div class=\"elementor-container elementor-column-gap-default\">\n\t\t\t\t\t<div class=\"elementor-column elementor-col-100 elementor-top-column elementor-element elementor-element-086aaa8\" data-id=\"086aaa8\" data-element_type=\"column\" data-e-type=\"column\">\n\t\t\t<div class=\"elementor-widget-wrap elementor-element-populated\">\n\t\t\t\t\t\t<div class=\"elementor-element elementor-element-32b8705 elementor-widget elementor-widget-cz_title\" data-id=\"32b8705\" data-element_type=\"widget\" data-e-type=\"widget\" data-widget_type=\"cz_title.default\">\n\t\t\t\t<div class=\"elementor-widget-container\">\n\t\t\t\t\t\t\r\n\t\t<div>\r\n\t\t\t<div class=\"cz_title clr cz_mobile_text_center cz_title_pos_inline\"><div class=\"cz_title_shape shape_square cz_shape_1\"><\/div><div class=\"cz_title_content\"><div class=\"cz_wpe_content\"><p><span style=\"color: #666666; font-size: 22px;\">APIE MUS <\/span><\/p><h2>MISIJA<\/h2><\/div><\/div><\/div>\r\n\t\t<\/div>\r\n\t\t\r\n\t\t\t\t\t\t<\/div>\n\t\t\t\t<\/div>\n\t\t\t\t<div class=\"elementor-element elementor-element-2a663ab elementor-widget elementor-widget-cz_title\" data-id=\"2a663ab\" data-element_type=\"widget\" data-e-type=\"widget\" data-widget_type=\"cz_title.default\">\n\t\t\t\t<div class=\"elementor-widget-container\">\n\t\t\t\t\t\t\r\n\t\t<div>\r\n\t\t\t<div class=\"cz_title clr cz_mobile_text_center cz_title_pos_inline\"><div class=\"cz_title_content\"><div class=\"cz_wpe_content\"><p>M\u016bs\u0173 gamykloje naudojamos naujausios CNC technologijos, skirtos itin tiksliam metalo apdirbimui. Specializuojam\u0117s paversdami sud\u0117tingus skaitmeninius br\u0117\u017einius nepriekai\u0161tingomis metalin\u0117mis detal\u0117mis. Kiekvienas gaminys pas mus praeina kruop\u0161\u010di\u0105 kontrol\u0119 ir in\u017einerin\u0119 patikr\u0105, u\u017etikrinant, kad jis atitikt\u0173 grie\u017e\u010diausius pramon\u0117s standartus<\/p><\/div><\/div><\/div>\r\n\t\t<\/div>\r\n\t\t\r\n\t\t\t\t\t\t<\/div>\n\t\t\t\t<\/div>\n\t\t\t\t<div class=\"elementor-element elementor-element-5f698c7 elementor-widget elementor-widget-cz_stylish_list\" data-id=\"5f698c7\" data-element_type=\"widget\" data-e-type=\"widget\" data-widget_type=\"cz_stylish_list.default\">\n\t\t\t\t<div class=\"elementor-widget-container\">\n\t\t\t\t\t<ul class=\"cz_stylish_list clr cz_sl_icon_hover_zoom_in\"><li class=\"elementor-repeater-item-78ffbe4 clr\"><div class=\"cz_sl_icon\"><i class=\"mr10 fa czico-074-tick-inside-circle\"><\/i><\/div><div><span>Modernus CNC apdirbimas<small>Naujausios kartos \u012franga<\/small><\/span><\/div><\/li><li class=\"elementor-repeater-item-ed714af clr\"><div class=\"cz_sl_icon\"><i class=\"mr10 fa czico-074-tick-inside-circle\"><\/i><\/div><div><span>Operatyvumas<small>Greitas u\u017esakym\u0173 i\u0161pildymas<\/small><\/span><\/div><\/li><li class=\"elementor-repeater-item-99751d2 clr\"><div class=\"cz_sl_icon\"><i class=\"mr10 fa czico-074-tick-inside-circle\"><\/i><\/div><div><span>Metalo pasirinkimas<small>Dirbame su \u012fvairi\u0173 r\u016b\u0161i\u0173 metalais<\/small><\/span><\/div><\/li><li class=\"elementor-repeater-item-274e83f clr\"><div class=\"cz_sl_icon\"><i class=\"mr10 fa czico-074-tick-inside-circle\"><\/i><\/div><div><span>Individual\u016bs sprendimai<small>Pagal j\u016bs\u0173 unikalius br\u0117\u017einius<\/small><\/span><\/div><\/li><\/ul>\t\t\t\t<\/div>\n\t\t\t\t<\/div>\n\t\t\t\t<div class=\"elementor-element elementor-element-ac51cc6 elementor-widget elementor-widget-cz_gallery\" data-id=\"ac51cc6\" data-element_type=\"widget\" data-e-type=\"widget\" data-widget_type=\"cz_gallery.default\">\n\t\t\t\t<div class=\"elementor-widget-container\">\n\t\t\t\t\t<div class=\"cz_grid_p\"><div class=\"cz_grid cz_grid_1 clr cz_grid_c3 cz_grid_1_no_title cz_grid_1_mid tac cz_grid_two_columns_on_mobile\" data-gap=\"30\"><div class=\"cz_grid_item cz_grid_first\"><\/div><div class=\"cz_grid_item\"><div data-title=\"2\"><a class=\"cz_grid_link\" title=\"2\" href=\"https:\/\/domkota.lt\/wp-content\/uploads\/2026\/04\/2-scaled.png\" data-xtra-lightbox><img loading=\"lazy\" decoding=\"async\" width=\"600\" height=\"600\" src=\"https:\/\/domkota.lt\/wp-content\/uploads\/2026\/04\/2-600x600.png\" class=\"attachment-codevz_600_600 size-codevz_600_600 wp-image-2105\" alt=\"2 600x600\" srcset=\"https:\/\/domkota.lt\/wp-content\/uploads\/2026\/04\/2-600x600.png 600w, https:\/\/domkota.lt\/wp-content\/uploads\/2026\/04\/2-150x150.png 150w\" sizes=\"auto, (max-width: 600px) 100vw, 600px\" \/><div class=\"cz_grid_details\"><i class=\"cz_grid_icon fa czico-117-web\"><\/i><\/div><\/a><\/div><\/div><div class=\"cz_grid_item\"><div data-title=\"3\"><a class=\"cz_grid_link\" title=\"3\" href=\"https:\/\/domkota.lt\/wp-content\/uploads\/2026\/04\/3-scaled.png\" data-xtra-lightbox><img loading=\"lazy\" decoding=\"async\" width=\"600\" height=\"600\" src=\"https:\/\/domkota.lt\/wp-content\/uploads\/2026\/04\/3-600x600.png\" class=\"attachment-codevz_600_600 size-codevz_600_600 wp-image-2106\" alt=\"3 600x600\" srcset=\"https:\/\/domkota.lt\/wp-content\/uploads\/2026\/04\/3-600x600.png 600w, https:\/\/domkota.lt\/wp-content\/uploads\/2026\/04\/3-150x150.png 150w\" sizes=\"auto, (max-width: 600px) 100vw, 600px\" \/><div class=\"cz_grid_details\"><i class=\"cz_grid_icon fa czico-117-web\"><\/i><\/div><\/a><\/div><\/div><div class=\"cz_grid_item\"><div data-title=\"Untitled design\"><a class=\"cz_grid_link\" title=\"Untitled design\" href=\"https:\/\/domkota.lt\/wp-content\/uploads\/2026\/04\/Untitled-design-scaled.png\" data-xtra-lightbox><img loading=\"lazy\" decoding=\"async\" width=\"600\" height=\"600\" src=\"https:\/\/domkota.lt\/wp-content\/uploads\/2026\/04\/Untitled-design-600x600.png\" class=\"attachment-codevz_600_600 size-codevz_600_600 wp-image-2047\" alt=\"Untitled design 600x600\" srcset=\"https:\/\/domkota.lt\/wp-content\/uploads\/2026\/04\/Untitled-design-600x600.png 600w, https:\/\/domkota.lt\/wp-content\/uploads\/2026\/04\/Untitled-design-150x150.png 150w\" sizes=\"auto, (max-width: 600px) 100vw, 600px\" \/><div class=\"cz_grid_details\"><i class=\"cz_grid_icon fa czico-117-web\"><\/i><\/div><\/a><\/div><\/div><div class=\"cz_grid_item\"><div data-title=\"DSC_1319\"><a class=\"cz_grid_link\" title=\"DSC_1319\" href=\"https:\/\/domkota.lt\/wp-content\/uploads\/2026\/04\/DSC_1319-scaled.webp\" data-xtra-lightbox><img loading=\"lazy\" decoding=\"async\" width=\"600\" height=\"600\" src=\"https:\/\/domkota.lt\/wp-content\/uploads\/2026\/04\/DSC_1319-600x600.webp\" class=\"attachment-codevz_600_600 size-codevz_600_600 wp-image-2046\" alt=\"DSC 1319 600x600\" srcset=\"https:\/\/domkota.lt\/wp-content\/uploads\/2026\/04\/DSC_1319-600x600.webp 600w, https:\/\/domkota.lt\/wp-content\/uploads\/2026\/04\/DSC_1319-150x150.webp 150w\" sizes=\"auto, (max-width: 600px) 100vw, 600px\" \/><div class=\"cz_grid_details\"><i class=\"cz_grid_icon fa czico-117-web\"><\/i><\/div><\/a><\/div><\/div><div class=\"cz_grid_item\"><div data-title=\"Untitled design (98)\"><a class=\"cz_grid_link\" title=\"Untitled design (98)\" href=\"https:\/\/domkota.lt\/wp-content\/uploads\/2026\/04\/Untitled-design-98-scaled.png\" data-xtra-lightbox><img loading=\"lazy\" decoding=\"async\" width=\"600\" height=\"600\" src=\"https:\/\/domkota.lt\/wp-content\/uploads\/2026\/04\/Untitled-design-98-600x600.png\" class=\"attachment-codevz_600_600 size-codevz_600_600 wp-image-1969\" alt=\"Untitled design 98 600x600\" srcset=\"https:\/\/domkota.lt\/wp-content\/uploads\/2026\/04\/Untitled-design-98-600x600.png 600w, https:\/\/domkota.lt\/wp-content\/uploads\/2026\/04\/Untitled-design-98-150x150.png 150w\" sizes=\"auto, (max-width: 600px) 100vw, 600px\" \/><div class=\"cz_grid_details\"><i class=\"cz_grid_icon fa czico-117-web\"><\/i><\/div><\/a><\/div><\/div><div class=\"cz_grid_item\"><div data-title=\"Untitled design - 2026-04-09T161158.498\"><a class=\"cz_grid_link\" title=\"Untitled design - 2026-04-09T161158.498\" href=\"https:\/\/domkota.lt\/wp-content\/uploads\/2026\/04\/Untitled-design-2026-04-09T161158.498-scaled.png\" data-xtra-lightbox><img loading=\"lazy\" decoding=\"async\" width=\"600\" height=\"600\" src=\"https:\/\/domkota.lt\/wp-content\/uploads\/2026\/04\/Untitled-design-2026-04-09T161158.498-600x600.png\" class=\"attachment-codevz_600_600 size-codevz_600_600 wp-image-1972\" alt=\"Untitled design 2026 04 09T161158 498 600x600\" srcset=\"https:\/\/domkota.lt\/wp-content\/uploads\/2026\/04\/Untitled-design-2026-04-09T161158.498-600x600.png 600w, https:\/\/domkota.lt\/wp-content\/uploads\/2026\/04\/Untitled-design-2026-04-09T161158.498-150x150.png 150w\" sizes=\"auto, (max-width: 600px) 100vw, 600px\" \/><div class=\"cz_grid_details\"><i class=\"cz_grid_icon fa czico-117-web\"><\/i><\/div><\/a><\/div><\/div><div class=\"cz_grid_item\"><div data-title=\"Untitled design (99)\"><a class=\"cz_grid_link\" title=\"Untitled design (99)\" href=\"https:\/\/domkota.lt\/wp-content\/uploads\/2026\/04\/Untitled-design-99-scaled.png\" data-xtra-lightbox><img loading=\"lazy\" decoding=\"async\" width=\"600\" height=\"600\" src=\"https:\/\/domkota.lt\/wp-content\/uploads\/2026\/04\/Untitled-design-99-600x600.png\" class=\"attachment-codevz_600_600 size-codevz_600_600 wp-image-1968\" alt=\"Untitled design 99 600x600\" srcset=\"https:\/\/domkota.lt\/wp-content\/uploads\/2026\/04\/Untitled-design-99-600x600.png 600w, https:\/\/domkota.lt\/wp-content\/uploads\/2026\/04\/Untitled-design-99-150x150.png 150w\" sizes=\"auto, (max-width: 600px) 100vw, 600px\" \/><div class=\"cz_grid_details\"><i class=\"cz_grid_icon fa czico-117-web\"><\/i><\/div><\/a><\/div><\/div><div class=\"cz_grid_item\"><div data-title=\"Untitled design - 2026-04-09T203421.865\"><a class=\"cz_grid_link\" title=\"Untitled design - 2026-04-09T203421.865\" href=\"https:\/\/domkota.lt\/wp-content\/uploads\/2026\/04\/Untitled-design-2026-04-09T203421.865-scaled.png\" data-xtra-lightbox><img loading=\"lazy\" decoding=\"async\" width=\"600\" height=\"600\" src=\"https:\/\/domkota.lt\/wp-content\/uploads\/2026\/04\/Untitled-design-2026-04-09T203421.865-600x600.png\" class=\"attachment-codevz_600_600 size-codevz_600_600 wp-image-1986\" alt=\"Untitled design 2026 04 09T203421 865 600x600\" srcset=\"https:\/\/domkota.lt\/wp-content\/uploads\/2026\/04\/Untitled-design-2026-04-09T203421.865-600x600.png 600w, https:\/\/domkota.lt\/wp-content\/uploads\/2026\/04\/Untitled-design-2026-04-09T203421.865-150x150.png 150w\" sizes=\"auto, (max-width: 600px) 100vw, 600px\" \/><div class=\"cz_grid_details\"><i class=\"cz_grid_icon fa czico-117-web\"><\/i><\/div><\/a><\/div><\/div><\/div><\/div>\t\t\t\t<\/div>\n\t\t\t\t<\/div>\n\t\t\t\t\t<\/div>\n\t\t<\/div>\n\t\t\t\t\t<\/div>\n\t\t<\/section>\n\t\t\t\t<\/div>","protected":false},"excerpt":{"rendered":"<p>ABOUT US OUR HISTORY Ten years ago, we started in a &#8230; <\/p>","protected":false},"author":1,"featured_media":0,"parent":0,"menu_order":0,"comment_status":"closed","ping_status":"closed","template":"","meta":{"footnotes":""},"class_list":["post-1728","page","type-page","status-publish","hentry"],"aioseo_notices":[],"_links":{"self":[{"href":"https:\/\/domkota.lt\/lt\/wp-json\/wp\/v2\/pages\/1728","targetHints":{"allow":["GET"]}}],"collection":[{"href":"https:\/\/domkota.lt\/lt\/wp-json\/wp\/v2\/pages"}],"about":[{"href":"https:\/\/domkota.lt\/lt\/wp-json\/wp\/v2\/types\/page"}],"author":[{"embeddable":true,"href":"https:\/\/domkota.lt\/lt\/wp-json\/wp\/v2\/users\/1"}],"replies":[{"embeddable":true,"href":"https:\/\/domkota.lt\/lt\/wp-json\/wp\/v2\/comments?post=1728"}],"version-history":[{"count":0,"href":"https:\/\/domkota.lt\/lt\/wp-json\/wp\/v2\/pages\/1728\/revisions"}],"wp:attachment":[{"href":"https:\/\/domkota.lt\/lt\/wp-json\/wp\/v2\/media?parent=1728"}],"curies":[{"name":"wp","href":"https:\/\/api.w.org\/{rel}","templated":true}]}}