{"id":1729,"date":"2024-06-29T11:12:41","date_gmt":"2024-06-29T11:12:41","guid":{"rendered":"http:\/\/xtratheme.com\/default\/?page_id=11"},"modified":"2026-05-13T13:53:58","modified_gmt":"2026-05-13T13:53:58","slug":"services","status":"publish","type":"page","link":"https:\/\/domkota.lt\/lt\/services\/","title":{"rendered":"Paslaugos"},"content":{"rendered":"<div data-elementor-type=\"wp-page\" data-elementor-id=\"1729\" class=\"elementor elementor-1729\">\n\t\t\t\t\t\t<section class=\"elementor-section elementor-top-section elementor-element elementor-element-efedef8 elementor-section-boxed elementor-section-height-default elementor-section-height-default\" data-id=\"efedef8\" data-element_type=\"section\" data-e-type=\"section\">\n\t\t\t\t\t\t<div class=\"elementor-container elementor-column-gap-default\">\n\t\t\t\t\t<div class=\"elementor-column elementor-col-100 elementor-top-column elementor-element elementor-element-8faec93\" data-id=\"8faec93\" data-element_type=\"column\" data-e-type=\"column\">\n\t\t\t<div class=\"elementor-widget-wrap elementor-element-populated\">\n\t\t\t\t\t\t<div class=\"elementor-element elementor-element-dbcd21f elementor-widget elementor-widget-cz_title\" data-id=\"dbcd21f\" data-element_type=\"widget\" data-e-type=\"widget\" data-widget_type=\"cz_title.default\">\n\t\t\t\t<div class=\"elementor-widget-container\">\n\t\t\t\t\t\t\r\n\t\t<div>\r\n\t\t\t<div class=\"cz_title clr cz_title_pos_inline tac\"><div class=\"cz_title_shape shape_square cz_shape_1\"><\/div><div class=\"cz_title_content\"><div class=\"cz_wpe_content\"><p style=\"text-align: center;\"><span style=\"color: #666666; font-size: 22px;\">K\u0104 MES DAROME? <\/span><\/p><h2 style=\"text-align: center;\">PASLAUGOS <span style=\"color: #ffcb00;\">AP\u017dVALGA<\/span><\/h2><\/div><\/div><\/div>\r\n\t\t<\/div>\r\n\t\t\r\n\t\t\t\t\t\t<\/div>\n\t\t\t\t<\/div>\n\t\t\t\t<div class=\"elementor-element elementor-element-2ddf17e elementor-widget elementor-widget-cz_title\" data-id=\"2ddf17e\" data-element_type=\"widget\" data-e-type=\"widget\" data-widget_type=\"cz_title.default\">\n\t\t\t\t<div class=\"elementor-widget-container\">\n\t\t\t\t\t\t\r\n\t\t<div>\r\n\t\t\t<div class=\"cz_title clr cz_title_pos_inline tac\"><div class=\"cz_title_content\"><div class=\"cz_wpe_content\"><p style=\"text-align: center;\"><span style=\"color: #666666;\"><span style=\"font-size: 20px;\">J\u016bs\u0173 id\u0117ja, m\u016bs\u0173 \u012fgyvendinimas \u2013 naudojant geriausias med\u017eiagas ir pa\u017eangiausias technologijas.<\/span><\/span><\/p><\/div><\/div><\/div>\r\n\t\t<\/div>\r\n\t\t\r\n\t\t\t\t\t\t<\/div>\n\t\t\t\t<\/div>\n\t\t\t\t\t<\/div>\n\t\t<\/div>\n\t\t\t\t\t<\/div>\n\t\t<\/section>\n\t\t\t\t<section class=\"elementor-section elementor-top-section elementor-element elementor-element-58029f4 elementor-section-boxed elementor-section-height-default elementor-section-height-default\" data-id=\"58029f4\" data-element_type=\"section\" data-e-type=\"section\">\n\t\t\t\t\t\t<div class=\"elementor-container elementor-column-gap-default\">\n\t\t\t\t\t<div class=\"elementor-column elementor-col-50 elementor-top-column elementor-element elementor-element-427af13\" data-id=\"427af13\" data-element_type=\"column\" data-e-type=\"column\">\n\t\t\t<div class=\"elementor-widget-wrap elementor-element-populated\">\n\t\t\t\t\t\t<div class=\"elementor-element elementor-element-0a84c5d elementor-widget elementor-widget-cz_service_box\" data-id=\"0a84c5d\" data-element_type=\"widget\" data-e-type=\"widget\" data-widget_type=\"cz_service_box.default\">\n\t\t\t\t<div class=\"elementor-widget-container\">\n\t\t\t\t\t<div class=\"services clr style11 cz_sbi_fx_10 services_b\"><div class=\"service_img\"><img loading=\"lazy\" decoding=\"async\" width=\"1024\" height=\"1024\" src=\"https:\/\/domkota.lt\/wp-content\/uploads\/2026\/04\/Untitled-design-2026-04-22T105538.113-1024x1024.png\" class=\"attachment-large size-large wp-image-2069\" alt=\"Untitled design 2026 04 22T105538 113 1024x1024\" srcset=\"https:\/\/domkota.lt\/wp-content\/uploads\/2026\/04\/Untitled-design-2026-04-22T105538.113-1024x1024.png 1024w, https:\/\/domkota.lt\/wp-content\/uploads\/2026\/04\/Untitled-design-2026-04-22T105538.113-300x300.png 300w, https:\/\/domkota.lt\/wp-content\/uploads\/2026\/04\/Untitled-design-2026-04-22T105538.113-150x150.png 150w, https:\/\/domkota.lt\/wp-content\/uploads\/2026\/04\/Untitled-design-2026-04-22T105538.113-768x768.png 768w, https:\/\/domkota.lt\/wp-content\/uploads\/2026\/04\/Untitled-design-2026-04-22T105538.113-1536x1536.png 1536w, https:\/\/domkota.lt\/wp-content\/uploads\/2026\/04\/Untitled-design-2026-04-22T105538.113-600x600.png 600w, https:\/\/domkota.lt\/wp-content\/uploads\/2026\/04\/Untitled-design-2026-04-22T105538.113.png 2000w\" sizes=\"auto, (max-width: 1024px) 100vw, 1024px\" \/><\/div><div class=\"service_text\"><h3>CNC FREZAVIMAS<\/h3><div class=\"cz_wpe_content\"><p data-path-to-node=\"0\"><b data-path-to-node=\"0\" data-index-in-node=\"0\">CNC Frezavimas<\/b> tai meistri\u0161kas detali\u0173 k\u016brimas pasitelkiant i\u0161mani\u0105sias technologijas. Kompiuterio valdomi \u012frankiai kruop\u0161\u010diai i\u0161pjauna j\u016bs\u0173 sumanyt\u0105 form\u0105 i\u0161 metalo, kol pasiekiamas idealus rezultatas. Tai geriausias pasirinkimas, kai reikia ypatingo tikslumo ir kokyb\u0117s net ir patiems sud\u0117tingiausiems projektams.<\/p><p data-path-to-node=\"1\">M\u016bs\u0173 naudojama pa\u017eangi keli\u0173 a\u0161i\u0173 frezavimo technologija leid\u017eia operatyviai pagaminti net sud\u0117tingiausi\u0173 form\u0173 gaminius \u2013 nesvarbu, ar tai b\u016bt\u0173 vienetinis prototipas, ar masin\u0117 identi\u0161k\u0173 detali\u0173 gamyba. Automati\u0161kai perkeldami j\u016bs\u0173 br\u0117\u017einius \u012f pjovimo stakles, u\u017etikriname nekintant\u012f tikslum\u0105 ir greit\u0105 u\u017esakym\u0173 \u012fgyvendinim\u0105.<\/p><\/div><\/div><\/div>\t\t\t\t<\/div>\n\t\t\t\t<\/div>\n\t\t\t\t\t<\/div>\n\t\t<\/div>\n\t\t\t\t<div class=\"elementor-column elementor-col-50 elementor-top-column elementor-element elementor-element-be8be10\" data-id=\"be8be10\" data-element_type=\"column\" data-e-type=\"column\">\n\t\t\t<div class=\"elementor-widget-wrap elementor-element-populated\">\n\t\t\t\t\t\t<div class=\"elementor-element elementor-element-201a112 elementor-widget elementor-widget-cz_service_box\" data-id=\"201a112\" data-element_type=\"widget\" data-e-type=\"widget\" data-widget_type=\"cz_service_box.default\">\n\t\t\t\t<div class=\"elementor-widget-container\">\n\t\t\t\t\t<div class=\"services clr style11 cz_sbi_fx_10 services_b\"><div class=\"service_img\"><img loading=\"lazy\" decoding=\"async\" width=\"1024\" height=\"1024\" src=\"https:\/\/domkota.lt\/wp-content\/uploads\/2026\/04\/Untitled-design-2026-04-22T105545.895-1024x1024.png\" class=\"attachment-large size-large wp-image-2070\" alt=\"Untitled design 2026 04 22T105545 895 1024x1024\" srcset=\"https:\/\/domkota.lt\/wp-content\/uploads\/2026\/04\/Untitled-design-2026-04-22T105545.895-1024x1024.png 1024w, https:\/\/domkota.lt\/wp-content\/uploads\/2026\/04\/Untitled-design-2026-04-22T105545.895-300x300.png 300w, https:\/\/domkota.lt\/wp-content\/uploads\/2026\/04\/Untitled-design-2026-04-22T105545.895-150x150.png 150w, https:\/\/domkota.lt\/wp-content\/uploads\/2026\/04\/Untitled-design-2026-04-22T105545.895-768x768.png 768w, https:\/\/domkota.lt\/wp-content\/uploads\/2026\/04\/Untitled-design-2026-04-22T105545.895-1536x1536.png 1536w, https:\/\/domkota.lt\/wp-content\/uploads\/2026\/04\/Untitled-design-2026-04-22T105545.895-600x600.png 600w, https:\/\/domkota.lt\/wp-content\/uploads\/2026\/04\/Untitled-design-2026-04-22T105545.895.png 2000w\" sizes=\"auto, (max-width: 1024px) 100vw, 1024px\" \/><\/div><div class=\"service_text\"><h3>CNC TEKINIMAS<\/h3><div class=\"cz_wpe_content\"><p data-path-to-node=\"0\">Tegul tikslumas tampa j\u016bs\u0173 prana\u0161umu. Profesionaliai <b data-path-to-node=\"0\" data-index-in-node=\"67\">tekiname<\/b> sud\u0117tingas detales i\u0161 metalo bei plastiko ir u\u017etikriname nepriekai\u0161ting\u0105 kokyb\u0119 net precizi\u0161kiausiems j\u016bs\u0173 u\u017esakymams.<\/p><p data-path-to-node=\"1\">Nuo vienetinio sud\u0117tingo prototipo iki masin\u0117s gamybos \u2013 m\u016bs\u0173 pa\u017eangios ir automatizuotos tekinimo stakl\u0117s garantuoja nepriekai\u0161ting\u0105 matmen\u0173 tikslum\u0105 ir operatyv\u0173 u\u017esakym\u0173 \u012fgyvendinim\u0105 tiesiai i\u0161 j\u016bs\u0173 skaitmenini\u0173 br\u0117\u017eini\u0173. Sud\u0117tingiausius in\u017einerinius i\u0161\u0161\u016bkius mes paver\u010diame tobulai i\u0161baigtomis detal\u0117mis, kurios kelia j\u016bs\u0173 gamini\u0173 vert\u0119.<\/p><\/div><\/div><\/div>\t\t\t\t<\/div>\n\t\t\t\t<\/div>\n\t\t\t\t\t<\/div>\n\t\t<\/div>\n\t\t\t\t\t<\/div>\n\t\t<\/section>\n\t\t\t\t<\/div>","protected":false},"excerpt":{"rendered":"<p>WHAT WE DO? OUR SERVICES OVERVIEW Your idea, our approach, using &#8230; <\/p>","protected":false},"author":1,"featured_media":0,"parent":0,"menu_order":0,"comment_status":"closed","ping_status":"closed","template":"","meta":{"footnotes":""},"class_list":["post-1729","page","type-page","status-publish","hentry"],"aioseo_notices":[],"_links":{"self":[{"href":"https:\/\/domkota.lt\/lt\/wp-json\/wp\/v2\/pages\/1729","targetHints":{"allow":["GET"]}}],"collection":[{"href":"https:\/\/domkota.lt\/lt\/wp-json\/wp\/v2\/pages"}],"about":[{"href":"https:\/\/domkota.lt\/lt\/wp-json\/wp\/v2\/types\/page"}],"author":[{"embeddable":true,"href":"https:\/\/domkota.lt\/lt\/wp-json\/wp\/v2\/users\/1"}],"replies":[{"embeddable":true,"href":"https:\/\/domkota.lt\/lt\/wp-json\/wp\/v2\/comments?post=1729"}],"version-history":[{"count":1,"href":"https:\/\/domkota.lt\/lt\/wp-json\/wp\/v2\/pages\/1729\/revisions"}],"predecessor-version":[{"id":2307,"href":"https:\/\/domkota.lt\/lt\/wp-json\/wp\/v2\/pages\/1729\/revisions\/2307"}],"wp:attachment":[{"href":"https:\/\/domkota.lt\/lt\/wp-json\/wp\/v2\/media?parent=1729"}],"curies":[{"name":"wp","href":"https:\/\/api.w.org\/{rel}","templated":true}]}}