{"id":883,"date":"2024-06-29T11:10:26","date_gmt":"2024-06-29T11:10:26","guid":{"rendered":"http:\/\/xtratheme.com\/default\/?page_id=4"},"modified":"2026-05-14T13:53:45","modified_gmt":"2026-05-14T13:53:45","slug":"home","status":"publish","type":"page","link":"https:\/\/domkota.lt\/lt\/","title":{"rendered":"Pagrindinis"},"content":{"rendered":"<div data-elementor-type=\"wp-page\" data-elementor-id=\"883\" class=\"elementor elementor-883\">\n\t\t\t\t\t\t<section class=\"elementor-section elementor-top-section elementor-element elementor-element-eba322a elementor-section-full_width elementor-section-height-default elementor-section-height-default\" data-id=\"eba322a\" data-element_type=\"section\" data-e-type=\"section\">\n\t\t\t\t\t\t<div class=\"elementor-container elementor-column-gap-default\">\n\t\t\t\t\t<div class=\"elementor-column elementor-col-100 elementor-top-column elementor-element elementor-element-77d4537\" data-id=\"77d4537\" data-element_type=\"column\" data-e-type=\"column\" data-settings=\"{&quot;background_background&quot;:&quot;classic&quot;}\">\n\t\t\t<div class=\"elementor-widget-wrap elementor-element-populated\">\n\t\t\t\t\t\t<div class=\"elementor-element elementor-element-634db39 elementor-widget elementor-widget-cz_title\" data-id=\"634db39\" data-element_type=\"widget\" data-e-type=\"widget\" data-widget_type=\"cz_title.default\">\n\t\t\t\t<div class=\"elementor-widget-container\">\n\t\t\t\t\t\t\r\n\t\t<div>\r\n\t\t\t<div class=\"cz_title clr cz_title_pos_inline tac\"><div class=\"cz_title_shape shape_square cz_shape_1\"><\/div><div class=\"cz_title_content\"><div class=\"cz_wpe_content\"><p style=\"text-align: center;\"><span style=\"color: #666666; font-size: 22px;\">PASLAUGOS<\/span><\/p><h2 style=\"text-align: center;\">K\u0104 MES DAROME?<\/h2><\/div><\/div><\/div>\r\n\t\t<\/div>\r\n\t\t\r\n\t\t\t\t\t\t<\/div>\n\t\t\t\t<\/div>\n\t\t\t\t<div class=\"elementor-element elementor-element-b8bdb17 elementor-widget elementor-widget-cz_title\" data-id=\"b8bdb17\" data-element_type=\"widget\" data-e-type=\"widget\" data-widget_type=\"cz_title.default\">\n\t\t\t\t<div class=\"elementor-widget-container\">\n\t\t\t\t\t\t\r\n\t\t<div>\r\n\t\t\t<div class=\"cz_title clr cz_title_pos_inline tac\"><div class=\"cz_title_content\"><div class=\"cz_wpe_content\"><p style=\"text-align: center;\"><span style=\"font-size: 20px; color: #666666;\">CNC apdirbimas \u2013 auk\u0161\u010diausios kokyb\u0117s komponent\u0173 gamyba pagal tikslius J\u016bs\u0173 nurodymus. Nuo prototip\u0173 k\u016brimo iki masin\u0117s gamybos \u2013 mes apjungiame pa\u017eangias technologijas ir meistri\u0161kum\u0105, siekdami u\u017etikrinti patikimus bei nuoseklius rezultatus \u012fvairiose pramon\u0117s \u0161akose.<\/span><\/p><\/div><\/div><\/div>\r\n\t\t<\/div>\r\n\t\t\r\n\t\t\t\t\t\t<\/div>\n\t\t\t\t<\/div>\n\t\t\t\t\t<\/div>\n\t\t<\/div>\n\t\t\t\t\t<\/div>\n\t\t<\/section>\n\t\t\t\t<section class=\"elementor-section elementor-top-section elementor-element elementor-element-feb9e3d elementor-section-full_width elementor-section-height-default elementor-section-height-default\" data-id=\"feb9e3d\" data-element_type=\"section\" data-e-type=\"section\">\n\t\t\t\t\t\t<div class=\"elementor-container elementor-column-gap-default\">\n\t\t\t\t\t<div class=\"elementor-column elementor-col-50 elementor-top-column elementor-element elementor-element-934e002\" data-id=\"934e002\" data-element_type=\"column\" data-e-type=\"column\">\n\t\t\t<div class=\"elementor-widget-wrap elementor-element-populated\">\n\t\t\t\t\t\t<div class=\"elementor-element elementor-element-c775432 elementor-widget elementor-widget-cz_service_box\" data-id=\"c775432\" data-element_type=\"widget\" data-e-type=\"widget\" data-widget_type=\"cz_service_box.default\">\n\t\t\t\t<div class=\"elementor-widget-container\">\n\t\t\t\t\t<a href=\"https:\/\/domkota.lt\/lt\/services\/\"><div class=\"services clr style11 services_b\"><div class=\"service_img\"><img loading=\"lazy\" decoding=\"async\" width=\"1024\" height=\"1024\" src=\"https:\/\/domkota.lt\/wp-content\/uploads\/2026\/04\/Untitled-design-2026-04-22T105538.113-1024x1024.png\" class=\"attachment-large size-large wp-image-2069\" alt=\"Untitled design 2026 04 22T105538 113 1024x1024\" srcset=\"https:\/\/domkota.lt\/wp-content\/uploads\/2026\/04\/Untitled-design-2026-04-22T105538.113-1024x1024.png 1024w, https:\/\/domkota.lt\/wp-content\/uploads\/2026\/04\/Untitled-design-2026-04-22T105538.113-300x300.png 300w, https:\/\/domkota.lt\/wp-content\/uploads\/2026\/04\/Untitled-design-2026-04-22T105538.113-150x150.png 150w, https:\/\/domkota.lt\/wp-content\/uploads\/2026\/04\/Untitled-design-2026-04-22T105538.113-768x768.png 768w, https:\/\/domkota.lt\/wp-content\/uploads\/2026\/04\/Untitled-design-2026-04-22T105538.113-1536x1536.png 1536w, https:\/\/domkota.lt\/wp-content\/uploads\/2026\/04\/Untitled-design-2026-04-22T105538.113-600x600.png 600w, https:\/\/domkota.lt\/wp-content\/uploads\/2026\/04\/Untitled-design-2026-04-22T105538.113.png 2000w\" sizes=\"auto, (max-width: 1024px) 100vw, 1024px\" \/><\/div><div class=\"service_text\"><h3>CNC FREZAVIMAS<\/h3><div class=\"cz_wpe_content\"><div style=\"line-height: 1.3;\">\u00a0<\/div><\/div><\/div><\/div><\/a>\t\t\t\t<\/div>\n\t\t\t\t<\/div>\n\t\t\t\t\t<\/div>\n\t\t<\/div>\n\t\t\t\t<div class=\"elementor-column elementor-col-50 elementor-top-column elementor-element elementor-element-46990b9\" data-id=\"46990b9\" data-element_type=\"column\" data-e-type=\"column\">\n\t\t\t<div class=\"elementor-widget-wrap elementor-element-populated\">\n\t\t\t\t\t\t<div class=\"elementor-element elementor-element-1e16723 elementor-widget elementor-widget-cz_service_box\" data-id=\"1e16723\" data-element_type=\"widget\" data-e-type=\"widget\" data-widget_type=\"cz_service_box.default\">\n\t\t\t\t<div class=\"elementor-widget-container\">\n\t\t\t\t\t<a href=\"https:\/\/domkota.lt\/lt\/services\/\"><div class=\"services clr style11 services_b\"><div class=\"service_img\"><img loading=\"lazy\" decoding=\"async\" width=\"1024\" height=\"1024\" src=\"https:\/\/domkota.lt\/wp-content\/uploads\/2026\/04\/Untitled-design-2026-04-22T105545.895-1024x1024.png\" class=\"attachment-large size-large wp-image-2070\" alt=\"Untitled design 2026 04 22T105545 895 1024x1024\" srcset=\"https:\/\/domkota.lt\/wp-content\/uploads\/2026\/04\/Untitled-design-2026-04-22T105545.895-1024x1024.png 1024w, https:\/\/domkota.lt\/wp-content\/uploads\/2026\/04\/Untitled-design-2026-04-22T105545.895-300x300.png 300w, https:\/\/domkota.lt\/wp-content\/uploads\/2026\/04\/Untitled-design-2026-04-22T105545.895-150x150.png 150w, https:\/\/domkota.lt\/wp-content\/uploads\/2026\/04\/Untitled-design-2026-04-22T105545.895-768x768.png 768w, https:\/\/domkota.lt\/wp-content\/uploads\/2026\/04\/Untitled-design-2026-04-22T105545.895-1536x1536.png 1536w, https:\/\/domkota.lt\/wp-content\/uploads\/2026\/04\/Untitled-design-2026-04-22T105545.895-600x600.png 600w, https:\/\/domkota.lt\/wp-content\/uploads\/2026\/04\/Untitled-design-2026-04-22T105545.895.png 2000w\" sizes=\"auto, (max-width: 1024px) 100vw, 1024px\" \/><\/div><div class=\"service_text\"><h3>CNC TEKINIMAS <\/h3><div class=\"cz_wpe_content\"><div style=\"line-height: 1.3;\">\u00a0<\/div><\/div><\/div><\/div><\/a>\t\t\t\t<\/div>\n\t\t\t\t<\/div>\n\t\t\t\t\t<\/div>\n\t\t<\/div>\n\t\t\t\t\t<\/div>\n\t\t<\/section>\n\t\t\t\t<section class=\"elementor-section elementor-top-section elementor-element elementor-element-d1391fb elementor-section-stretched elementor-section-boxed elementor-section-height-default elementor-section-height-default\" data-id=\"d1391fb\" data-element_type=\"section\" data-e-type=\"section\" data-settings=\"{&quot;stretch_section&quot;:&quot;section-stretched&quot;,&quot;background_background&quot;:&quot;classic&quot;}\">\n\t\t\t\t\t\t<div class=\"elementor-container elementor-column-gap-default\">\n\t\t\t\t\t<div class=\"elementor-column elementor-col-100 elementor-top-column elementor-element elementor-element-3c1e352\" data-id=\"3c1e352\" data-element_type=\"column\" data-e-type=\"column\">\n\t\t\t<div class=\"elementor-widget-wrap elementor-element-populated\">\n\t\t\t\t\t\t<div class=\"elementor-element elementor-element-252dc5a elementor-widget elementor-widget-cz_title\" data-id=\"252dc5a\" data-element_type=\"widget\" data-e-type=\"widget\" data-widget_type=\"cz_title.default\">\n\t\t\t\t<div class=\"elementor-widget-container\">\n\t\t\t\t\t\t\r\n\t\t<div>\r\n\t\t\t<div class=\"cz_title clr cz_mobile_text_center cz_title_pos_inline tac\"><div class=\"cz_title_shape shape_square cz_shape_1\"><\/div><div class=\"cz_title_content\"><div class=\"cz_wpe_content\"><p style=\"text-align: center;\">#1 Partneris<\/p><h2 style=\"text-align: center;\">CNC FREZAVIME<\/h2><\/div><\/div><\/div>\r\n\t\t<\/div>\r\n\t\t\r\n\t\t\t\t\t\t<\/div>\n\t\t\t\t<\/div>\n\t\t\t\t<div class=\"elementor-element elementor-element-50d5fe3 elementor-widget elementor-widget-cz_title\" data-id=\"50d5fe3\" data-element_type=\"widget\" data-e-type=\"widget\" data-widget_type=\"cz_title.default\">\n\t\t\t\t<div class=\"elementor-widget-container\">\n\t\t\t\t\t\t\r\n\t\t<div>\r\n\t\t\t<div class=\"cz_title clr cz_title_pos_inline tac\"><div class=\"cz_title_content\"><div class=\"cz_wpe_content\"><p style=\"text-align: center;\"><span style=\"font-size: 20px; color: #ffffff;\">U\u017epildykite kontakt\u0173 form\u0105<br \/>ir gaukite komercin\u012f pasi\u016blym\u0105,<\/span><\/p><\/div><\/div><\/div>\r\n\t\t<\/div>\r\n\t\t\r\n\t\t\t\t\t\t<\/div>\n\t\t\t\t<\/div>\n\t\t\t\t<div class=\"elementor-element elementor-element-79be69c elementor-widget elementor-widget-cz_2_buttons\" data-id=\"79be69c\" data-element_type=\"widget\" data-e-type=\"widget\" data-widget_type=\"cz_2_buttons.default\">\n\t\t\t\t<div class=\"elementor-widget-container\">\n\t\t\t\t\t\t\t<div class=\"cz_2_btn cz_2_btn_center\">\r\n\t\t\t<a class=\"cz_btn btn1\" href=\"https:\/\/domkota.lt\/lt\/contact-us\/\" target=\"_blank\" rel=\"nofollow\"><strong>GAUKITE PASI\u016aLYM\u0104<\/strong> <\/a>\t\t\t<div class=\"cz_2_btn_sep style1\">\r\n\t\t\t\t<i><span><\/span><\/i>\t\t\t<\/div>\r\n\t\t\t\t\t<\/div>\r\n\t\t\t\t\t\t<\/div>\n\t\t\t\t<\/div>\n\t\t\t\t\t<\/div>\n\t\t<\/div>\n\t\t\t\t\t<\/div>\n\t\t<\/section>\n\t\t\t\t<section class=\"elementor-section elementor-top-section elementor-element elementor-element-f53a016 elementor-section-full_width elementor-section-stretched elementor-section-height-default elementor-section-height-default\" data-id=\"f53a016\" data-element_type=\"section\" data-e-type=\"section\" data-settings=\"{&quot;stretch_section&quot;:&quot;section-stretched&quot;}\">\n\t\t\t\t\t\t<div class=\"elementor-container elementor-column-gap-default\">\n\t\t\t\t\t<div class=\"elementor-column elementor-col-100 elementor-top-column elementor-element elementor-element-09a22ce\" data-id=\"09a22ce\" data-element_type=\"column\" data-e-type=\"column\" data-settings=\"{&quot;background_background&quot;:&quot;classic&quot;}\">\n\t\t\t<div class=\"elementor-widget-wrap elementor-element-populated\">\n\t\t\t\t\t\t<div class=\"elementor-element elementor-element-e807f7a elementor-widget elementor-widget-cz_title\" data-id=\"e807f7a\" data-element_type=\"widget\" data-e-type=\"widget\" data-widget_type=\"cz_title.default\">\n\t\t\t\t<div class=\"elementor-widget-container\">\n\t\t\t\t\t\t\r\n\t\t<div>\r\n\t\t\t<div class=\"cz_title clr cz_title_pos_inline tac\"><a href=\"https:\/\/domkota.lt\/lt\/gallery\/\"><div class=\"cz_title_shape shape_square cz_shape_1\"><\/div><div class=\"cz_title_content\"><div class=\"cz_wpe_content\"><p style=\"text-align: center;\"><span style=\"color: #666666; font-size: 22px;\">PAMATYK M\u016aS\u0172 GAMYKL\u0104<\/span><\/p><h2 style=\"text-align: center;\">GALERIJA<\/h2><\/div><\/div><\/a><\/div>\r\n\t\t<\/div>\r\n\t\t\r\n\t\t\t\t\t\t<\/div>\n\t\t\t\t<\/div>\n\t\t\t\t<div class=\"elementor-element elementor-element-3e99213 elementor-widget elementor-widget-cz_title\" data-id=\"3e99213\" data-element_type=\"widget\" data-e-type=\"widget\" data-widget_type=\"cz_title.default\">\n\t\t\t\t<div class=\"elementor-widget-container\">\n\t\t\t\t\t\t\r\n\t\t<div>\r\n\t\t\t<div class=\"cz_title clr cz_title_pos_inline\"><div class=\"cz_title_content\"><div class=\"cz_wpe_content\"><\/div><\/div><\/div>\r\n\t\t<\/div>\r\n\t\t\r\n\t\t\t\t\t\t<\/div>\n\t\t\t\t<\/div>\n\t\t\t\t\t<\/div>\n\t\t<\/div>\n\t\t\t\t\t<\/div>\n\t\t<\/section>\n\t\t<div class=\"elementor-element elementor-element-1c437bd e-flex e-con-boxed e-con e-parent\" data-id=\"1c437bd\" data-element_type=\"container\" data-e-type=\"container\">\n\t\t\t\t\t<div class=\"e-con-inner\">\n\t\t\t\t<div class=\"elementor-element elementor-element-c17d536 elementor-widget elementor-widget-image-gallery\" data-id=\"c17d536\" data-element_type=\"widget\" data-e-type=\"widget\" data-settings=\"{&quot;_animation&quot;:&quot;none&quot;}\" data-widget_type=\"image-gallery.default\">\n\t\t\t\t\t\t\t<div class=\"elementor-image-gallery\">\n\t\t\t<div id='gallery-1' class='gallery galleryid-883 gallery-columns-3 gallery-size-codevz_600_600'><figure class='gallery-item'>\n\t\t\t<div class='gallery-icon landscape'>\n\t\t\t\t<a data-elementor-open-lightbox=\"yes\" data-elementor-lightbox-slideshow=\"c17d536\" data-elementor-lightbox-title=\"DSC_1659.NEF\" data-e-action-hash=\"#elementor-action%3Aaction%3Dlightbox%26settings%3DeyJpZCI6MjMzMSwidXJsIjoiaHR0cHM6XC9cL2RvbWtvdGEubHRcL3dwLWNvbnRlbnRcL3VwbG9hZHNcLzIwMjZcLzA1XC9EU0NfMTY1OS5ORUZfLXNjYWxlZC53ZWJwIiwic2xpZGVzaG93IjoiYzE3ZDUzNiJ9\" href='https:\/\/domkota.lt\/wp-content\/uploads\/2026\/05\/DSC_1659.NEF_-scaled.webp'><img loading=\"lazy\" decoding=\"async\" width=\"600\" height=\"600\" src=\"https:\/\/domkota.lt\/wp-content\/uploads\/2026\/05\/DSC_1659.NEF_-600x600.webp\" class=\"attachment-codevz_600_600 size-codevz_600_600\" alt=\"DSC 1659 NEF  600x600\" srcset=\"https:\/\/domkota.lt\/wp-content\/uploads\/2026\/05\/DSC_1659.NEF_-600x600.webp 600w, https:\/\/domkota.lt\/wp-content\/uploads\/2026\/05\/DSC_1659.NEF_-150x150.webp 150w\" sizes=\"auto, (max-width: 600px) 100vw, 600px\" \/><\/a>\n\t\t\t<\/div><\/figure><figure class='gallery-item'>\n\t\t\t<div class='gallery-icon landscape'>\n\t\t\t\t<a data-elementor-open-lightbox=\"yes\" data-elementor-lightbox-slideshow=\"c17d536\" data-elementor-lightbox-title=\"DSC_1662\" data-e-action-hash=\"#elementor-action%3Aaction%3Dlightbox%26settings%3DeyJpZCI6MjMzMCwidXJsIjoiaHR0cHM6XC9cL2RvbWtvdGEubHRcL3dwLWNvbnRlbnRcL3VwbG9hZHNcLzIwMjZcLzA1XC9EU0NfMTY2Mi1zY2FsZWQud2VicCIsInNsaWRlc2hvdyI6ImMxN2Q1MzYifQ%3D%3D\" href='https:\/\/domkota.lt\/wp-content\/uploads\/2026\/05\/DSC_1662-scaled.webp'><img loading=\"lazy\" decoding=\"async\" width=\"600\" height=\"600\" src=\"https:\/\/domkota.lt\/wp-content\/uploads\/2026\/05\/DSC_1662-600x600.webp\" class=\"attachment-codevz_600_600 size-codevz_600_600\" alt=\"DSC 1662 600x600\" srcset=\"https:\/\/domkota.lt\/wp-content\/uploads\/2026\/05\/DSC_1662-600x600.webp 600w, https:\/\/domkota.lt\/wp-content\/uploads\/2026\/05\/DSC_1662-150x150.webp 150w\" sizes=\"auto, (max-width: 600px) 100vw, 600px\" \/><\/a>\n\t\t\t<\/div><\/figure><figure class='gallery-item'>\n\t\t\t<div class='gallery-icon portrait'>\n\t\t\t\t<a data-elementor-open-lightbox=\"yes\" data-elementor-lightbox-slideshow=\"c17d536\" data-elementor-lightbox-title=\"DSC_1293\" data-e-action-hash=\"#elementor-action%3Aaction%3Dlightbox%26settings%3DeyJpZCI6MjMzOCwidXJsIjoiaHR0cHM6XC9cL2RvbWtvdGEubHRcL3dwLWNvbnRlbnRcL3VwbG9hZHNcLzIwMjZcLzA1XC9EU0NfMTI5My1zY2FsZWQud2VicCIsInNsaWRlc2hvdyI6ImMxN2Q1MzYifQ%3D%3D\" href='https:\/\/domkota.lt\/wp-content\/uploads\/2026\/05\/DSC_1293-scaled.webp'><img loading=\"lazy\" decoding=\"async\" width=\"600\" height=\"600\" src=\"https:\/\/domkota.lt\/wp-content\/uploads\/2026\/05\/DSC_1293-600x600.webp\" class=\"attachment-codevz_600_600 size-codevz_600_600\" alt=\"DSC 1293 600x600\" srcset=\"https:\/\/domkota.lt\/wp-content\/uploads\/2026\/05\/DSC_1293-600x600.webp 600w, https:\/\/domkota.lt\/wp-content\/uploads\/2026\/05\/DSC_1293-150x150.webp 150w\" sizes=\"auto, (max-width: 600px) 100vw, 600px\" \/><\/a>\n\t\t\t<\/div><\/figure><figure class='gallery-item'>\n\t\t\t<div class='gallery-icon landscape'>\n\t\t\t\t<a data-elementor-open-lightbox=\"yes\" data-elementor-lightbox-slideshow=\"c17d536\" data-elementor-lightbox-title=\"DSC_1280.NEF\" data-e-action-hash=\"#elementor-action%3Aaction%3Dlightbox%26settings%3DeyJpZCI6MjMzNSwidXJsIjoiaHR0cHM6XC9cL2RvbWtvdGEubHRcL3dwLWNvbnRlbnRcL3VwbG9hZHNcLzIwMjZcLzA1XC9EU0NfMTI4MC5ORUZfLXNjYWxlZC53ZWJwIiwic2xpZGVzaG93IjoiYzE3ZDUzNiJ9\" href='https:\/\/domkota.lt\/wp-content\/uploads\/2026\/05\/DSC_1280.NEF_-scaled.webp'><img loading=\"lazy\" decoding=\"async\" width=\"600\" height=\"600\" src=\"https:\/\/domkota.lt\/wp-content\/uploads\/2026\/05\/DSC_1280.NEF_-600x600.webp\" class=\"attachment-codevz_600_600 size-codevz_600_600\" alt=\"DSC 1280 NEF  600x600\" srcset=\"https:\/\/domkota.lt\/wp-content\/uploads\/2026\/05\/DSC_1280.NEF_-600x600.webp 600w, https:\/\/domkota.lt\/wp-content\/uploads\/2026\/05\/DSC_1280.NEF_-150x150.webp 150w\" sizes=\"auto, (max-width: 600px) 100vw, 600px\" \/><\/a>\n\t\t\t<\/div><\/figure><figure class='gallery-item'>\n\t\t\t<div class='gallery-icon landscape'>\n\t\t\t\t<a data-elementor-open-lightbox=\"yes\" data-elementor-lightbox-slideshow=\"c17d536\" data-elementor-lightbox-title=\"DSC_1346\" data-e-action-hash=\"#elementor-action%3Aaction%3Dlightbox%26settings%3DeyJpZCI6MjMzNCwidXJsIjoiaHR0cHM6XC9cL2RvbWtvdGEubHRcL3dwLWNvbnRlbnRcL3VwbG9hZHNcLzIwMjZcLzA1XC9EU0NfMTM0Ni1zY2FsZWQud2VicCIsInNsaWRlc2hvdyI6ImMxN2Q1MzYifQ%3D%3D\" href='https:\/\/domkota.lt\/wp-content\/uploads\/2026\/05\/DSC_1346-scaled.webp'><img loading=\"lazy\" decoding=\"async\" width=\"600\" height=\"600\" src=\"https:\/\/domkota.lt\/wp-content\/uploads\/2026\/05\/DSC_1346-600x600.webp\" class=\"attachment-codevz_600_600 size-codevz_600_600\" alt=\"DSC 1346 600x600\" srcset=\"https:\/\/domkota.lt\/wp-content\/uploads\/2026\/05\/DSC_1346-600x600.webp 600w, https:\/\/domkota.lt\/wp-content\/uploads\/2026\/05\/DSC_1346-150x150.webp 150w\" sizes=\"auto, (max-width: 600px) 100vw, 600px\" \/><\/a>\n\t\t\t<\/div><\/figure><figure class='gallery-item'>\n\t\t\t<div class='gallery-icon portrait'>\n\t\t\t\t<a data-elementor-open-lightbox=\"yes\" data-elementor-lightbox-slideshow=\"c17d536\" data-elementor-lightbox-title=\"DSC_1704\" data-e-action-hash=\"#elementor-action%3Aaction%3Dlightbox%26settings%3DeyJpZCI6MjMyNCwidXJsIjoiaHR0cHM6XC9cL2RvbWtvdGEubHRcL3dwLWNvbnRlbnRcL3VwbG9hZHNcLzIwMjZcLzA1XC9EU0NfMTcwNC1zY2FsZWQud2VicCIsInNsaWRlc2hvdyI6ImMxN2Q1MzYifQ%3D%3D\" href='https:\/\/domkota.lt\/wp-content\/uploads\/2026\/05\/DSC_1704-scaled.webp'><img loading=\"lazy\" decoding=\"async\" width=\"600\" height=\"600\" src=\"https:\/\/domkota.lt\/wp-content\/uploads\/2026\/05\/DSC_1704-600x600.webp\" class=\"attachment-codevz_600_600 size-codevz_600_600\" alt=\"DSC 1704 600x600\" srcset=\"https:\/\/domkota.lt\/wp-content\/uploads\/2026\/05\/DSC_1704-600x600.webp 600w, https:\/\/domkota.lt\/wp-content\/uploads\/2026\/05\/DSC_1704-150x150.webp 150w\" sizes=\"auto, (max-width: 600px) 100vw, 600px\" \/><\/a>\n\t\t\t<\/div><\/figure>\n\t\t<\/div>\n\t\t<\/div>\n\t\t\t\t\t\t<\/div>\n\t\t\t\t\t<\/div>\n\t\t\t\t<\/div>\n\t\t\t\t<\/div>","protected":false},"excerpt":{"rendered":"<p>OUR SERVICES WHAT WE DO? CNC machining, delivering high-quality components tailored &#8230; <\/p>","protected":false},"author":1,"featured_media":0,"parent":0,"menu_order":0,"comment_status":"closed","ping_status":"closed","template":"","meta":{"footnotes":""},"class_list":["post-883","page","type-page","status-publish","hentry"],"aioseo_notices":[],"_links":{"self":[{"href":"https:\/\/domkota.lt\/lt\/wp-json\/wp\/v2\/pages\/883","targetHints":{"allow":["GET"]}}],"collection":[{"href":"https:\/\/domkota.lt\/lt\/wp-json\/wp\/v2\/pages"}],"about":[{"href":"https:\/\/domkota.lt\/lt\/wp-json\/wp\/v2\/types\/page"}],"author":[{"embeddable":true,"href":"https:\/\/domkota.lt\/lt\/wp-json\/wp\/v2\/users\/1"}],"replies":[{"embeddable":true,"href":"https:\/\/domkota.lt\/lt\/wp-json\/wp\/v2\/comments?post=883"}],"version-history":[{"count":9,"href":"https:\/\/domkota.lt\/lt\/wp-json\/wp\/v2\/pages\/883\/revisions"}],"predecessor-version":[{"id":2347,"href":"https:\/\/domkota.lt\/lt\/wp-json\/wp\/v2\/pages\/883\/revisions\/2347"}],"wp:attachment":[{"href":"https:\/\/domkota.lt\/lt\/wp-json\/wp\/v2\/media?parent=883"}],"curies":[{"name":"wp","href":"https:\/\/api.w.org\/{rel}","templated":true}]}}